{"id":637,"date":"2019-03-07T08:41:15","date_gmt":"2019-03-07T08:41:15","guid":{"rendered":"http:\/\/vp.moreo.pl\/en\/?page_id=637"},"modified":"2025-02-13T21:50:21","modified_gmt":"2025-02-13T20:50:21","slug":"partners","status":"publish","type":"page","link":"https:\/\/kraktoursen.you2.pl\/pl\/partners\/","title":{"rendered":"PARTNERZY"},"content":{"rendered":"<p>[et_pb_section fb_built=&#8221;1&#8243; fullwidth=&#8221;on&#8221; admin_label=&#8221;Hero&#8221; _builder_version=&#8221;4.16&#8243; background_color=&#8221;#233b4e&#8221; parallax=&#8221;on&#8221; custom_padding=&#8221;0px|0px|0px|0px&#8221; global_colors_info=&#8221;{}&#8221;][et_pb_fullwidth_header title=&#8221;PARTNERS&#8221; background_overlay_color=&#8221;rgba(29,38,51,0.86)&#8221; content_max_width=&#8221;700px&#8221; admin_label=&#8221;Hero Section&#8221; _builder_version=&#8221;4.16&#8243; title_font=&#8221;Oswald|on||on|&#8221; title_font_size=&#8221;43px&#8221; title_line_height=&#8221;1.3em&#8221; content_font=&#8221;Roboto||||&#8221; content_font_size=&#8221;20px&#8221; background_color=&#8221;rgba(255,255,255,0)&#8221; background_image=&#8221;https:\/\/kraktoursen.you2.pl\/wp-content\/uploads\/2019\/03\/travel-landscape-17.jpg&#8221; custom_button_one=&#8221;on&#8221; button_one_border_radius=&#8221;0px&#8221; button_one_letter_spacing=&#8221;4px&#8221; button_one_font=&#8221;Oswald|on||on|&#8221; button_one_icon=&#8221;&#x24;||divi||400&#8243; button_one_icon_color=&#8221;#ffffff&#8221; custom_margin=&#8221;|||&#8221; custom_padding=&#8221;150px||150px|&#8221; custom_padding_tablet=&#8221;60px||60px|&#8221; custom_padding_phone=&#8221;&#8221; custom_padding_last_edited=&#8221;on|tablet&#8221; animation_style=&#8221;zoom&#8221; animation_direction=&#8221;bottom&#8221; animation_intensity_zoom=&#8221;4%&#8221; button_one_text_color_hover=&#8221;#ffffff&#8221; button_one_border_color_hover=&#8221;#ffffff&#8221; button_one_border_radius_hover=&#8221;0px&#8221; button_one_letter_spacing_hover=&#8221;4px&#8221; button_one_bg_color_hover=&#8221;rgba(0,0,0,0)&#8221; global_colors_info=&#8221;{}&#8221; button_one_text_size__hover_enabled=&#8221;off&#8221; button_two_text_size__hover_enabled=&#8221;off&#8221; button_one_text_color__hover_enabled=&#8221;on&#8221; button_one_text_color__hover=&#8221;#ffffff&#8221; button_two_text_color__hover_enabled=&#8221;off&#8221; button_one_border_width__hover_enabled=&#8221;off&#8221; button_two_border_width__hover_enabled=&#8221;off&#8221; button_one_border_color__hover_enabled=&#8221;on&#8221; button_one_border_color__hover=&#8221;#ffffff&#8221; button_two_border_color__hover_enabled=&#8221;off&#8221; button_one_border_radius__hover_enabled=&#8221;on&#8221; button_one_border_radius__hover=&#8221;0px&#8221; button_two_border_radius__hover_enabled=&#8221;off&#8221; button_one_letter_spacing__hover_enabled=&#8221;on&#8221; button_one_letter_spacing__hover=&#8221;4px&#8221; button_two_letter_spacing__hover_enabled=&#8221;off&#8221; button_one_bg_color__hover_enabled=&#8221;on&#8221; button_one_bg_color__hover=&#8221;rgba(0,0,0,0)&#8221; button_two_bg_color__hover_enabled=&#8221;off&#8221;]<\/p>\n<p>Oferta dla firm<\/p>\n<p>[\/et_pb_fullwidth_header][\/et_pb_section][et_pb_section fb_built=&#8221;1&#8243; module_id=&#8221;dlafirm&#8221; module_class=&#8221;dlafirm&#8221; _builder_version=&#8221;4.16&#8243; background_color=&#8221;#f4f4f4&#8243; custom_padding=&#8221;34px||46px||false|false&#8221; global_colors_info=&#8221;{}&#8221;][et_pb_row column_structure=&#8221;1_2,1_2&#8243; _builder_version=&#8221;4.16&#8243; custom_padding=&#8221;4px|0px|0px|0px|false|false&#8221; global_colors_info=&#8221;{}&#8221;][et_pb_column type=&#8221;1_2&#8243; _builder_version=&#8221;4.16&#8243; custom_padding=&#8221;|||&#8221; global_colors_info=&#8221;{}&#8221; custom_padding__hover=&#8221;|||&#8221;][et_pb_divider show_divider=&#8221;off&#8221; disabled_on=&#8221;off|off|off&#8221; _builder_version=&#8221;4.16&#8243; max_width=&#8221;150px&#8221; height=&#8221;false&#8221; animation_style=&#8221;slide&#8221; animation_direction=&#8221;top&#8221; animation_delay=&#8221;100ms&#8221; animation_intensity_slide=&#8221;10%&#8221; locked=&#8221;off&#8221; global_colors_info=&#8221;{}&#8221;]<br \/>\n[\/et_pb_divider][et_pb_text admin_label=&#8221;Top Destination Text&#8221; _builder_version=&#8221;4.16&#8243; text_font=&#8221;Roboto||||&#8221; text_font_size=&#8221;16px&#8221; text_line_height=&#8221;1.9em&#8221; custom_padding=&#8221;||30px|&#8221; animation_style=&#8221;slide&#8221; animation_direction=&#8221;top&#8221; animation_intensity_slide=&#8221;4%&#8221; locked=&#8221;off&#8221; global_colors_info=&#8221;{}&#8221;]<\/p>\n<p style=\"text-align: justify;\">Zapraszamy do wsp\u00f3\u0142pracy ma\u0142e, \u015brednie i du\u017ce firmy z r\u00f3\u017cnych bran\u017c, kt\u00f3re poszukuj\u0105 profesjonalnej firmy do obs\u0142ugi swoich pracownik\u00f3w na terenie Krakowa i okolic. Transport pracownik\u00f3w na konferencje, spotkania biznesowe, wyjazdy firmowe na szkolenia, a mo\u017ce transfer lotniskowy? Te i szereg innych us\u0142ug mo\u017cna znale\u017a\u0107 w naszej ofercie - profesjonalnie realizujemy ka\u017cde zlecenie zwi\u0105zane z przewozem os\u00f3b.<\/p>\n<p style=\"text-align: justify;\">Oferujemy r\u00f3wnie\u017c szereg wycieczek dla go\u015bci, kt\u00f3rzy chc\u0105 odwiedzi\u0107 najwi\u0119ksze atrakcje turystyczne. Zabierzemy ich do najciekawszych<\/p>\n<p>[\/et_pb_text][\/et_pb_column][et_pb_column type=&#8221;1_2&#8243; _builder_version=&#8221;4.16&#8243; custom_padding=&#8221;|||&#8221; global_colors_info=&#8221;{}&#8221; custom_padding__hover=&#8221;|||&#8221;][et_pb_text admin_label=&#8221;Top Destination Text&#8221; _builder_version=&#8221;4.16&#8243; text_font=&#8221;Roboto||||&#8221; text_font_size=&#8221;16px&#8221; text_line_height=&#8221;1.9em&#8221; custom_margin=&#8221;20px||&#8221; custom_padding=&#8221;||60px|&#8221; animation_style=&#8221;slide&#8221; animation_direction=&#8221;top&#8221; animation_intensity_slide=&#8221;4%&#8221; locked=&#8221;off&#8221; global_colors_info=&#8221;{}&#8221;]<\/p>\n<p style=\"text-align: justify;\">i najpi\u0119kniejsze zak\u0105tki Polski, kt\u00f3re b\u0119d\u0105 mi\u0142ym akcentem urozmaicaj\u0105cym spotkania biznesowe czy integruj\u0105cym pracownik\u00f3w firmy.<\/p>\n<p style=\"text-align: justify;\">Wiemy, jak wa\u017cna w biznesie jest punktualno\u015b\u0107! Nic tak nie robi dobrego wra\u017cenia na potencjalnym kontrahencie, jak przybycie na czas na wa\u017cne spotkanie. Dlatego nasi kierowcy dok\u0142adaj\u0105 wszelkich stara\u0144, aby ka\u017cde zlecenie by\u0142o zrealizowane nie tylko bezpiecznie, ale i na czas. Zapraszamy do wsp\u00f3\u0142pracy. W razie pyta\u0144 prosimy o kontakt z naszym zespo\u0142em!<\/p>\n<p style=\"text-align: justify;\"><strong>Oferujemy pe\u0142n\u0105 obs\u0142ug\u0119 r\u00f3wnie\u017c w j\u0119zyku niemieckim.<\/strong><\/p>\n<p>[\/et_pb_text][\/et_pb_column][\/et_pb_row][et_pb_row _builder_version=&#8221;4.27.4&#8243; custom_padding=&#8221;0|0px|27px|0px|false|false&#8221; global_colors_info=&#8221;{}&#8221;][et_pb_column type=&#8221;4_4&#8243; _builder_version=&#8221;4.27.4&#8243; custom_padding=&#8221;|||&#8221; global_colors_info=&#8221;{}&#8221; custom_padding__hover=&#8221;|||&#8221;][et_pb_text _builder_version=&#8221;4.27.4&#8243; global_colors_info=&#8221;{}&#8221;]<\/p>\n<h2 style=\"text-align: center;\"><strong>NASI PARTNERZY<\/strong><\/h2>\n<p>[\/et_pb_text][\/et_pb_column][\/et_pb_row][et_pb_row _builder_version=&#8221;4.27.4&#8243; background_size=&#8221;initial&#8221; background_position=&#8221;top_left&#8221; background_repeat=&#8221;repeat&#8221; global_colors_info=&#8221;{}&#8221;][et_pb_column type=&#8221;4_4&#8243; _builder_version=&#8221;4.16&#8243; custom_padding=&#8221;|||&#8221; global_colors_info=&#8221;{}&#8221; custom_padding__hover=&#8221;|||&#8221;][et_pb_text _builder_version=&#8221;4.27.4&#8243; _module_preset=&#8221;default&#8221; global_colors_info=&#8221;{}&#8221;]<\/p>\n<div style=\"display: flex; justify-content: center; align-items: center; min-height: 100px; \/* or a specific height *\/ padding-bottom: 20px;\">\n<div style=\"display: flex; align-items: center; overflow-x: auto; white-space: nowrap;\"><a style=\"display: inline-block; margin: 0 10px;\" href=\"https:\/\/www.kayak.co.uk\/Krakow.9856.guide\" target=\"_blank\" rel=\"noopener\"><br \/><img decoding=\"async\" class=\"alignnone\" style=\"height: 60px; width: auto; transition: transform 0.3s ease-in-out;\" src=\"https:\/\/kraktoursen.you2.pl\/wp-content\/uploads\/2019\/03\/kayak-logo-scaled.jpg\" alt=\"Kayak\" \/><br \/><\/a><\/p>\n<p><a style=\"display: inline-block; margin: 0 10px;\" href=\"https:\/\/www.tripadvisor.com\/Attraction_Review-g274772-d17506424-Reviews-VISIT_POLEN_Krakow_Tours_Transfers-Krakow_Lesser_Poland_Province_Southern_Poland.html\" target=\"_blank\" rel=\"noopener\"><br \/><img decoding=\"async\" class=\"alignnone\" style=\"height: 60px; width: auto; transition: transform 0.3s ease-in-out;\" src=\"https:\/\/kraktoursen.you2.pl\/wp-content\/uploads\/2019\/03\/TripAdvisor_Logo.svg.png\" alt=\"TripAdvisor\" \/><br \/><\/a><\/p>\n<p><a style=\"display: inline-block; margin: 0 10px;\" href=\"https:\/\/www.viator.com\/tours\/Krakow\/ZAKOPANE-TATRA-MOUNTAINS-Private-Tour-from-Krakow\/d529-156113P23\" target=\"_blank\" rel=\"noopener\"><br \/><img decoding=\"async\" class=\"alignnone\" style=\"height: 60px; width: auto; transition: transform 0.3s ease-in-out;\" src=\"https:\/\/kraktoursen.you2.pl\/wp-content\/uploads\/2019\/03\/Viator_logo__new-for-site.png\" alt=\"Viator\" \/><br \/><\/a><\/p>\n<p><a style=\"display: inline-block; margin: 0 10px;\" href=\"https:\/\/www.momondo.de\/city-guides\/discover-krakau.9856.guide.ksp\" target=\"_blank\" rel=\"noopener\"><br \/><img decoding=\"async\" class=\"alignnone\" style=\"height: 60px; width: auto; transition: transform 0.3s ease-in-out;\" src=\"https:\/\/kraktoursen.you2.pl\/wp-content\/uploads\/2019\/04\/MOmondo.png\" alt=\"Momondo\" \/><br \/><\/a><\/p>\n<p><a style=\"display: inline-block; margin: 0 10px;\" href=\"https:\/\/kraktoursen.you2.pl\/pl\/partners\/\" target=\"_blank\" rel=\"noopener\"><br \/><img decoding=\"async\" class=\"alignnone\" style=\"height: 60px; width: auto; transition: transform 0.3s ease-in-out;\" src=\"https:\/\/kraktoursen.you2.pl\/wp-content\/uploads\/2019\/03\/1-6.jpg\" alt=\"Partner\" \/><br \/><\/a><\/p>\n<\/div>\n<\/div>\n<p>[\/et_pb_text][\/et_pb_column][\/et_pb_row][\/et_pb_section]<\/p>","protected":false},"excerpt":{"rendered":"<p>Offer for Companies We invite small, medium and large companies from various industries who are looking for a professional company to service their employees in Krakow and the surrounding area. Transporting employees to conferences, business meetings, company trips for training, or maybe an airport transfer? These and a number of other services can be found [&hellip;]<\/p>","protected":false},"author":1,"featured_media":0,"parent":0,"menu_order":0,"comment_status":"closed","ping_status":"closed","template":"","meta":{"_et_pb_use_builder":"on","_et_pb_old_content":"","_et_gb_content_width":"","footnotes":""},"class_list":["post-637","page","type-page","status-publish","hentry"],"_links":{"self":[{"href":"https:\/\/kraktoursen.you2.pl\/pl\/wp-json\/wp\/v2\/pages\/637","targetHints":{"allow":["GET"]}}],"collection":[{"href":"https:\/\/kraktoursen.you2.pl\/pl\/wp-json\/wp\/v2\/pages"}],"about":[{"href":"https:\/\/kraktoursen.you2.pl\/pl\/wp-json\/wp\/v2\/types\/page"}],"author":[{"embeddable":true,"href":"https:\/\/kraktoursen.you2.pl\/pl\/wp-json\/wp\/v2\/users\/1"}],"replies":[{"embeddable":true,"href":"https:\/\/kraktoursen.you2.pl\/pl\/wp-json\/wp\/v2\/comments?post=637"}],"version-history":[{"count":27,"href":"https:\/\/kraktoursen.you2.pl\/pl\/wp-json\/wp\/v2\/pages\/637\/revisions"}],"predecessor-version":[{"id":235148,"href":"https:\/\/kraktoursen.you2.pl\/pl\/wp-json\/wp\/v2\/pages\/637\/revisions\/235148"}],"wp:attachment":[{"href":"https:\/\/kraktoursen.you2.pl\/pl\/wp-json\/wp\/v2\/media?parent=637"}],"curies":[{"name":"wp","href":"https:\/\/api.w.org\/{rel}","templated":true}]}}